{"id":561,"date":"2023-11-01T10:38:46","date_gmt":"2023-11-01T13:38:46","guid":{"rendered":"https:\/\/proyate.art\/?page_id=561"},"modified":"2024-01-09T16:43:09","modified_gmt":"2024-01-09T19:43:09","slug":"politica-de-privacidade","status":"publish","type":"page","link":"https:\/\/proyate.art\/en\/privacy-policy\/","title":{"rendered":"Pol\u00edtica de Privacidade"},"content":{"rendered":"<div data-elementor-type=\"wp-page\" data-elementor-id=\"561\" class=\"elementor elementor-561\" data-elementor-post-type=\"page\">\n\t\t\t\t\t\t\t<div class=\"elementor-element elementor-element-bf6f19e e-flex e-con-boxed e-con e-parent\" data-id=\"bf6f19e\" data-element_type=\"container\" data-settings=\"{&quot;container_type&quot;:&quot;flex&quot;,&quot;content_width&quot;:&quot;boxed&quot;}\" data-core-v316-plus=\"true\">\n\t\t\t\t\t<div class=\"e-con-inner\">\n\t\t\t\t<div class=\"elementor-element elementor-element-935e129 elementor-widget elementor-widget-heading\" data-id=\"935e129\" data-element_type=\"widget\" data-widget_type=\"heading.default\">\n\t\t\t\t<div class=\"elementor-widget-container\">\n\t\t\t<style>\/*! elementor - v3.18.0 - 20-12-2023 *\/\n.elementor-heading-title{padding:0;margin:0;line-height:1}.elementor-widget-heading .elementor-heading-title[class*=elementor-size-]>a{color:inherit;font-size:inherit;line-height:inherit}.elementor-widget-heading .elementor-heading-title.elementor-size-small{font-size:15px}.elementor-widget-heading .elementor-heading-title.elementor-size-medium{font-size:19px}.elementor-widget-heading .elementor-heading-title.elementor-size-large{font-size:29px}.elementor-widget-heading .elementor-heading-title.elementor-size-xl{font-size:39px}.elementor-widget-heading .elementor-heading-title.elementor-size-xxl{font-size:59px}<\/style><h1 class=\"elementor-heading-title elementor-size-default\">PRIVACY POLICY<\/h1>\t\t<\/div>\n\t\t\t\t<\/div>\n\t\t\t\t<div class=\"elementor-element elementor-element-8bae72d elementor-widget elementor-widget-text-editor\" data-id=\"8bae72d\" data-element_type=\"widget\" data-widget_type=\"text-editor.default\">\n\t\t\t\t<div class=\"elementor-widget-container\">\n\t\t\t<style>\/*! elementor - v3.18.0 - 20-12-2023 *\/\n.elementor-widget-text-editor.elementor-drop-cap-view-stacked .elementor-drop-cap{background-color:#69727d;color:#fff}.elementor-widget-text-editor.elementor-drop-cap-view-framed .elementor-drop-cap{color:#69727d;border:3px solid;background-color:transparent}.elementor-widget-text-editor:not(.elementor-drop-cap-view-default) .elementor-drop-cap{margin-top:8px}.elementor-widget-text-editor:not(.elementor-drop-cap-view-default) .elementor-drop-cap-letter{width:1em;height:1em}.elementor-widget-text-editor .elementor-drop-cap{float:left;text-align:center;line-height:1;font-size:50px}.elementor-widget-text-editor .elementor-drop-cap-letter{display:inline-block}<\/style>\t\t\t\t<p>A sua privacidade \u00e9 importante para n\u00f3s. \u00c9 pol\u00edtica do site www.proyate.art respeitar a sua privacidade em rela\u00e7\u00e3o a qualquer informa\u00e7\u00e3o sua que possamos coletar no site <a href=\"https:\/\/www.proyate.com\/\" target=\"_blank\" rel=\"noopener\">www.proyate.art<\/a>and other sites we own and operate.<\/p><p>We work based on the Data Protection Law (13,709\/2018), which guarantees privacy, confidentiality, retention, protection of fundamental rights, freedom, and the free development of the individual's personality. Furthermore, we respect the Federal Constitution of the Federative Republic of Brazil, the Consumer Protection Code (Law 8,078\/90), and the Civil Rights Framework for the Internet (Law 12,965\/14).<\/p><p>We request personal information only when we really need it to provide you with a service. We do so by fair and legal means, with your knowledge and consent. We also inform why we are collecting it and how it will be used.<\/p><p>We make it clear why we are collecting and how it will be used because everything is done for proper general administration.<\/p><p>We only retain the information collected for as long as necessary to provide the requested service. When we store data, we protect it within commercially acceptable means by current legislation to prevent loss and theft, as well as unauthorized access, disclosure, copying, use, or modification.<\/p><p>We do not publicly share personal identification information or share it with third parties, except by court order.<\/p><p>Our website may have links to external websites that are not operated by us. Therefore, we are not responsible for third-party damages. Be aware that we have no control over the content and practices of third-party websites and cannot accept responsibility for their respective privacy policies.<\/p><p>As a consumer, you are free to refuse our request for personal information, understanding that we may not be able to provide some of the desired services.<\/p><p>The continued use of our site will be considered acceptance of our privacy and personal information practices. If you have any questions about how we handle user data and personal information, please contact us through <a href=\"https:\/\/www.proyate.com\/\" target=\"_blank\" rel=\"noopener\">our form.<\/a>.<\/p><p>Our policy is updated regularly.<\/p><p>Fica, desde j\u00e1, o titular de dados ciente que o conte\u00fado desta Pol\u00edtica de Privacidade pode ser alterado a crit\u00e9rio do site www.proyat.art, independente de aviso ou notifica\u00e7\u00e3o. Em caso de altera\u00e7\u00e3o, as modifica\u00e7\u00f5es produzem todos os efeitos a partir do momento da disponibiliza\u00e7\u00e3o no site.<\/p><p>O site www.proyate.art n\u00e3o se responsabiliza caso voc\u00ea venha utilizar seus dados de forma incorreta ou inver\u00eddica, ficando exclu\u00eddo de qualquer responsabilidade neste sentido.<\/p><h2>Cookies Policy<\/h2><h3>What are cookies?<\/h3><p>As is common practice on almost all professional websites, this site uses cookies, which are small files downloaded to your computer to enhance your experience. This page describes what information they collect, how we use them, and why we sometimes need to store these cookies. We will also share how you can prevent these cookies from being stored, but this may downgrade or 'break' certain elements of the site's functionality.<\/p><h3>How we use cookies?<\/h3><p>We use cookies for various reasons, as detailed below. Unfortunately, in most cases, there are no industry-standard options for disabling cookies without completely disabling the functionality and features they add to this site. It is recommended that you leave all cookies enabled if you are unsure whether you need them or not, as they are used to provide a service that you use.<\/p><h3>Disabling cookies<\/h3><p>You can prevent cookies from being set by adjusting your browser settings (see your browser's Help for how to do this). Be aware that disabling cookies will affect the functionality of this and many other websites you visit. Disabling cookies will usually result in disabling certain features and functionality of this site. Therefore, it is recommended that you do not disable cookies.<\/p><h3>Cookies we set<\/h3><ul><li><strong>Survey-related cookies<\/strong><p>From time to time, we offer surveys and questionnaires to provide interesting information, useful tools, or to better understand our user base. These surveys may use cookies to remember who has already participated in a survey or to provide accurate results after changing pages.<\/p><\/li><li><strong>Form-related cookies<\/strong><p>When you submit data through a form such as those found on contact pages or comment forms, cookies may be set to remember the user's details for future correspondence.<\/p><\/li><li><strong>Site preference cookies<\/strong><p>To provide a great experience on this site, we provide the functionality to set your preferences for how this site runs when you use it. To remember your preferences, we need to set cookies so that this information can be called whenever you interact with a page affected by your preferences.<\/p><\/li><\/ul><h3>User commitment<\/h3><p>O usu\u00e1rio se compromete a fazer uso adequado dos conte\u00fados e da informa\u00e7\u00e3o que o site www.proyate.art oferece e com car\u00e1ter enunciativo, mas n\u00e3o limitativo:<\/p><ul><li>A) Not engaging in activities that are illegal or contrary to good faith and public order;<\/li><li>B) Compliance with all national or international laws in which Brazil is a signatory;<\/li><li>C) Not disseminating advertising or content of a racist, xenophobic, betting houses, games of chance, any type of illegal pornography, terrorism propaganda, or against human rights;<\/li><li>D) N\u00e3o causar danos aos sistemas f\u00edsicos (hardwares) e l\u00f3gicos (softwares) do site www.proyate.art, de seus fornecedores ou terceiros, para introduzir ou disseminar v\u00edrus inform\u00e1ticos ou quaisquer outros sistemas de hardware ou software que sejam capazes de causar danos anteriormente mencionados;<\/li><li>E) The published content is subject to reserved copyright and intellectual property rights, as established by Federal Law 9,610, of 19.2.1998 of the Brazilian Federal Government and related laws. Any infringement will be reported to the competent authorities.<\/li><\/ul><h2>Rights of the data subject<\/h2><p>O titular de dados pessoais possui o direito de solicitar do site www.proyat.art, atrav\u00e9s do canal espec\u00edfico de tratamento, a qualquer momento, mediante requisi\u00e7\u00e3o formal, informa\u00e7\u00f5es referentes aos seus dados.<\/p><p>Requests will be analyzed as provided for by current legislation within a period of 72 hours, unless required by law and\/or subject to legal action.<\/p><p>Data subjects, according to the text of the LGPD, may exercise their rights through:<\/p><ul><li>Confirmation of the existence of processing;<\/li><li>Anonymization, blocking, or deletion of unnecessary, excessive, or processed data in non-compliance with this Law;<\/li><li>Information from public and private entities with which the controller has shared data;<\/li><li>Information about the possibility of not providing consent and the consequences of refusal;<\/li><\/ul><h2>How to exercise your rights as a data subject?<\/h2><ul><li>For other requests related to the rights of the data subject, please contact us through <a href=\"https:\/\/www.proyate.com\/\" target=\"_blank\" rel=\"noopener\">our form.<\/a>;<\/li><\/ul><h2>More information<\/h2><p>We hope this is clear and, as mentioned earlier, if there is anything you are unsure whether you need or not, it is usually safer to leave cookies enabled if you interact with one of the features you use on our site.<\/p><p>O site www.proyate.art empregar\u00e1 esfor\u00e7os para resguardar as informa\u00e7\u00f5es e dados coletados do usu\u00e1rio pelo site. Todavia, considerando que n\u00e3o h\u00e1 meio de transmiss\u00e3o e reten\u00e7\u00e3o de dados eletr\u00f4nicos plenamente eficaz e seguro, o site www.proyate.art n\u00e3o pode assegurar que terceiros n\u00e3o autorizados n\u00e3o logrem \u00eaxito no acesso indevido, eximindo-se de qualquer responsabilidade por danos e preju\u00edzos decorrentes da conduta de terceiros, ataques externos ao site como: v\u00edrus, invas\u00e3o ao banco de dados, v\u00edcios ou defeitos t\u00e9cnicos, assim como operacionais resultante da utiliza\u00e7\u00e3o do site e em raz\u00e3o de falhas de conex\u00e3o.<\/p>\t\t\t\t\t\t<\/div>\n\t\t\t\t<\/div>\n\t\t\t\t\t<\/div>\n\t\t\t\t<\/div>\n\t\t\t\t\t\t\t<\/div>","protected":false},"excerpt":{"rendered":"<p>Pol\u00edtica de privacidade A sua privacidade \u00e9 importante para n\u00f3s. \u00c9 pol\u00edtica do site www.proyate.art respeitar a sua privacidade em rela\u00e7\u00e3o a qualquer informa\u00e7\u00e3o sua que possamos coletar no site www.proyate.art, e outros sites que possu\u00edmos e operamos. Trabalhamos com base na Lei de Prote\u00e7\u00e3o de Dados (13.709\/2018) que traz garantias de privacidade, confidencialidade, reten\u00e7\u00e3o, [&hellip;]<\/p>","protected":false},"author":4002,"featured_media":0,"parent":0,"menu_order":0,"comment_status":"closed","ping_status":"closed","template":"elementor_header_footer","meta":{"footnotes":""},"yoast_head":"<!-- This site is optimized with the Yoast SEO plugin v21.8 - https:\/\/yoast.com\/wordpress\/plugins\/seo\/ -->\n<title>Pol\u00edtica de Privacidade - PROYAT\u00ca<\/title>\n<meta name=\"robots\" content=\"index, follow, max-snippet:-1, max-image-preview:large, max-video-preview:-1\" \/>\n<link rel=\"canonical\" href=\"https:\/\/proyate.art\/en\/privacy-policy\/\" \/>\n<meta property=\"og:locale\" content=\"en_US\" \/>\n<meta property=\"og:type\" content=\"article\" \/>\n<meta property=\"og:title\" content=\"Pol\u00edtica de Privacidade - PROYAT\u00ca\" \/>\n<meta property=\"og:description\" content=\"Pol\u00edtica de privacidade A sua privacidade \u00e9 importante para n\u00f3s. \u00c9 pol\u00edtica do site www.proyate.art respeitar a sua privacidade em rela\u00e7\u00e3o a qualquer informa\u00e7\u00e3o sua que possamos coletar no site www.proyate.art, e outros sites que possu\u00edmos e operamos. Trabalhamos com base na Lei de Prote\u00e7\u00e3o de Dados (13.709\/2018) que traz garantias de privacidade, confidencialidade, reten\u00e7\u00e3o, [&hellip;]\" \/>\n<meta property=\"og:url\" content=\"https:\/\/proyate.art\/en\/privacy-policy\/\" \/>\n<meta property=\"og:site_name\" content=\"PROYAT\u00ca\" \/>\n<meta property=\"article:modified_time\" content=\"2024-01-09T19:43:09+00:00\" \/>\n<meta name=\"twitter:card\" content=\"summary_large_image\" \/>\n<meta name=\"twitter:label1\" content=\"Est. reading time\" \/>\n\t<meta name=\"twitter:data1\" content=\"7 minutes\" \/>\n<script type=\"application\/ld+json\" class=\"yoast-schema-graph\">{\"@context\":\"https:\/\/schema.org\",\"@graph\":[{\"@type\":\"WebPage\",\"@id\":\"https:\/\/proyate.art\/politica-de-privacidade\/\",\"url\":\"https:\/\/proyate.art\/politica-de-privacidade\/\",\"name\":\"Pol\u00edtica de Privacidade - PROYAT\u00ca\",\"isPartOf\":{\"@id\":\"https:\/\/proyate.art\/#website\"},\"datePublished\":\"2023-11-01T13:38:46+00:00\",\"dateModified\":\"2024-01-09T19:43:09+00:00\",\"inLanguage\":\"en-US\",\"potentialAction\":[{\"@type\":\"ReadAction\",\"target\":[\"https:\/\/proyate.art\/politica-de-privacidade\/\"]}]},{\"@type\":\"WebSite\",\"@id\":\"https:\/\/proyate.art\/#website\",\"url\":\"https:\/\/proyate.art\/\",\"name\":\"PROYAT\u00ca\",\"description\":\"\",\"publisher\":{\"@id\":\"https:\/\/proyate.art\/#organization\"},\"potentialAction\":[{\"@type\":\"SearchAction\",\"target\":{\"@type\":\"EntryPoint\",\"urlTemplate\":\"https:\/\/proyate.art\/?s={search_term_string}\"},\"query-input\":\"required name=search_term_string\"}],\"inLanguage\":\"en-US\"},{\"@type\":\"Organization\",\"@id\":\"https:\/\/proyate.art\/#organization\",\"name\":\"PROYAT\u00ca\",\"url\":\"https:\/\/proyate.art\/\",\"logo\":{\"@type\":\"ImageObject\",\"inLanguage\":\"en-US\",\"@id\":\"https:\/\/proyate.art\/#\/schema\/logo\/image\/\",\"url\":\"https:\/\/proyate.art\/wp-content\/uploads\/2023\/10\/home-logo-footer.png\",\"contentUrl\":\"https:\/\/proyate.art\/wp-content\/uploads\/2023\/10\/home-logo-footer.png\",\"width\":334,\"height\":140,\"caption\":\"PROYAT\u00ca\"},\"image\":{\"@id\":\"https:\/\/proyate.art\/#\/schema\/logo\/image\/\"}}]}<\/script>\n<!-- \/ Yoast SEO plugin. -->","yoast_head_json":{"title":"Pol\u00edtica de Privacidade - PROYAT\u00ca","robots":{"index":"index","follow":"follow","max-snippet":"max-snippet:-1","max-image-preview":"max-image-preview:large","max-video-preview":"max-video-preview:-1"},"canonical":"https:\/\/proyate.art\/en\/privacy-policy\/","og_locale":"en_US","og_type":"article","og_title":"Pol\u00edtica de Privacidade - PROYAT\u00ca","og_description":"Pol\u00edtica de privacidade A sua privacidade \u00e9 importante para n\u00f3s. \u00c9 pol\u00edtica do site www.proyate.art respeitar a sua privacidade em rela\u00e7\u00e3o a qualquer informa\u00e7\u00e3o sua que possamos coletar no site www.proyate.art, e outros sites que possu\u00edmos e operamos. Trabalhamos com base na Lei de Prote\u00e7\u00e3o de Dados (13.709\/2018) que traz garantias de privacidade, confidencialidade, reten\u00e7\u00e3o, [&hellip;]","og_url":"https:\/\/proyate.art\/en\/privacy-policy\/","og_site_name":"PROYAT\u00ca","article_modified_time":"2024-01-09T19:43:09+00:00","twitter_card":"summary_large_image","twitter_misc":{"Est. reading time":"7 minutes"},"schema":{"@context":"https:\/\/schema.org","@graph":[{"@type":"WebPage","@id":"https:\/\/proyate.art\/politica-de-privacidade\/","url":"https:\/\/proyate.art\/politica-de-privacidade\/","name":"Pol\u00edtica de Privacidade - PROYAT\u00ca","isPartOf":{"@id":"https:\/\/proyate.art\/#website"},"datePublished":"2023-11-01T13:38:46+00:00","dateModified":"2024-01-09T19:43:09+00:00","inLanguage":"en-US","potentialAction":[{"@type":"ReadAction","target":["https:\/\/proyate.art\/politica-de-privacidade\/"]}]},{"@type":"WebSite","@id":"https:\/\/proyate.art\/#website","url":"https:\/\/proyate.art\/","name":"PROYAT\u00ca","description":"","publisher":{"@id":"https:\/\/proyate.art\/#organization"},"potentialAction":[{"@type":"SearchAction","target":{"@type":"EntryPoint","urlTemplate":"https:\/\/proyate.art\/?s={search_term_string}"},"query-input":"required name=search_term_string"}],"inLanguage":"en-US"},{"@type":"Organization","@id":"https:\/\/proyate.art\/#organization","name":"PROYAT\u00ca","url":"https:\/\/proyate.art\/","logo":{"@type":"ImageObject","inLanguage":"en-US","@id":"https:\/\/proyate.art\/#\/schema\/logo\/image\/","url":"https:\/\/proyate.art\/wp-content\/uploads\/2023\/10\/home-logo-footer.png","contentUrl":"https:\/\/proyate.art\/wp-content\/uploads\/2023\/10\/home-logo-footer.png","width":334,"height":140,"caption":"PROYAT\u00ca"},"image":{"@id":"https:\/\/proyate.art\/#\/schema\/logo\/image\/"}}]}},"_links":{"self":[{"href":"https:\/\/proyate.art\/en\/wp-json\/wp\/v2\/pages\/561"}],"collection":[{"href":"https:\/\/proyate.art\/en\/wp-json\/wp\/v2\/pages"}],"about":[{"href":"https:\/\/proyate.art\/en\/wp-json\/wp\/v2\/types\/page"}],"author":[{"embeddable":true,"href":"https:\/\/proyate.art\/en\/wp-json\/wp\/v2\/users\/4002"}],"replies":[{"embeddable":true,"href":"https:\/\/proyate.art\/en\/wp-json\/wp\/v2\/comments?post=561"}],"version-history":[{"count":0,"href":"https:\/\/proyate.art\/en\/wp-json\/wp\/v2\/pages\/561\/revisions"}],"wp:attachment":[{"href":"https:\/\/proyate.art\/en\/wp-json\/wp\/v2\/media?parent=561"}],"curies":[{"name":"wp","href":"https:\/\/api.w.org\/{rel}","templated":true}]}}