{"id":561,"date":"2023-11-01T10:38:46","date_gmt":"2023-11-01T13:38:46","guid":{"rendered":"https:\/\/proyate.art\/?page_id=561"},"modified":"2024-01-09T16:43:09","modified_gmt":"2024-01-09T19:43:09","slug":"politica-de-privacidade","status":"publish","type":"page","link":"https:\/\/proyate.art\/es\/politica-de-privacidad\/","title":{"rendered":"Pol\u00edtica de Privacidade"},"content":{"rendered":"<div data-elementor-type=\"wp-page\" data-elementor-id=\"561\" class=\"elementor elementor-561\" data-elementor-post-type=\"page\">\n\t\t\t\t\t\t\t<div class=\"elementor-element elementor-element-bf6f19e e-flex e-con-boxed e-con e-parent\" data-id=\"bf6f19e\" data-element_type=\"container\" data-settings=\"{&quot;container_type&quot;:&quot;flex&quot;,&quot;content_width&quot;:&quot;boxed&quot;}\" data-core-v316-plus=\"true\">\n\t\t\t\t\t<div class=\"e-con-inner\">\n\t\t\t\t<div class=\"elementor-element elementor-element-935e129 elementor-widget elementor-widget-heading\" data-id=\"935e129\" data-element_type=\"widget\" data-widget_type=\"heading.default\">\n\t\t\t\t<div class=\"elementor-widget-container\">\n\t\t\t<style>\/*! elementor - v3.18.0 - 20-12-2023 *\/\n.elementor-heading-title{padding:0;margin:0;line-height:1}.elementor-widget-heading .elementor-heading-title[class*=elementor-size-]>a{color:inherit;font-size:inherit;line-height:inherit}.elementor-widget-heading .elementor-heading-title.elementor-size-small{font-size:15px}.elementor-widget-heading .elementor-heading-title.elementor-size-medium{font-size:19px}.elementor-widget-heading .elementor-heading-title.elementor-size-large{font-size:29px}.elementor-widget-heading .elementor-heading-title.elementor-size-xl{font-size:39px}.elementor-widget-heading .elementor-heading-title.elementor-size-xxl{font-size:59px}<\/style><h1 class=\"elementor-heading-title elementor-size-default\">POL\u00cdTICA DE PRIVACIDAD<\/h1>\t\t<\/div>\n\t\t\t\t<\/div>\n\t\t\t\t<div class=\"elementor-element elementor-element-8bae72d elementor-widget elementor-widget-text-editor\" data-id=\"8bae72d\" data-element_type=\"widget\" data-widget_type=\"text-editor.default\">\n\t\t\t\t<div class=\"elementor-widget-container\">\n\t\t\t<style>\/*! elementor - v3.18.0 - 20-12-2023 *\/\n.elementor-widget-text-editor.elementor-drop-cap-view-stacked .elementor-drop-cap{background-color:#69727d;color:#fff}.elementor-widget-text-editor.elementor-drop-cap-view-framed .elementor-drop-cap{color:#69727d;border:3px solid;background-color:transparent}.elementor-widget-text-editor:not(.elementor-drop-cap-view-default) .elementor-drop-cap{margin-top:8px}.elementor-widget-text-editor:not(.elementor-drop-cap-view-default) .elementor-drop-cap-letter{width:1em;height:1em}.elementor-widget-text-editor .elementor-drop-cap{float:left;text-align:center;line-height:1;font-size:50px}.elementor-widget-text-editor .elementor-drop-cap-letter{display:inline-block}<\/style>\t\t\t\t<p>A sua privacidade \u00e9 importante para n\u00f3s. \u00c9 pol\u00edtica do site www.proyate.art respeitar a sua privacidade em rela\u00e7\u00e3o a qualquer informa\u00e7\u00e3o sua que possamos coletar no site <a href=\"https:\/\/www.proyate.com\/\" target=\"_blank\" rel=\"noopener\">www.proyate.art<\/a>y en otros sitios que poseemos y operamos.<\/p><p>Trabajamos en base a la Ley de Protecci\u00f3n de Datos (13.709\/2018), que garantiza la privacidad, confidencialidad, retenci\u00f3n, protecci\u00f3n de los derechos fundamentales, la libertad y el libre desarrollo de la personalidad. Adem\u00e1s, respetamos la Constituci\u00f3n Federal de la Rep\u00fablica Federativa de Brasil, el C\u00f3digo de Defensa del Consumidor (Ley 8.078\/90) y el Marco Civil de Internet (Ley 12.965\/14).<\/p><p>Solicitamos informaci\u00f3n personal solo cuando realmente la necesitamos para proporcionarte un servicio. Lo hacemos de manera justa y legal, con tu conocimiento y consentimiento. Tambi\u00e9n informamos por qu\u00e9 la estamos recopilando y c\u00f3mo se utilizar\u00e1.<\/p><p>Dejamos claro por qu\u00e9 estamos recopilando informaci\u00f3n y c\u00f3mo se utilizar\u00e1, porque todo se hace para una administraci\u00f3n general adecuada.<\/p><p>Solo retenemos la informaci\u00f3n recopilada durante el tiempo necesario para proporcionar el servicio solicitado. Cuando almacenamos datos, los protegemos de acuerdo con medios comercialmente aceptables seg\u00fan la legislaci\u00f3n actual para evitar p\u00e9rdidas y robos, as\u00ed como el acceso no autorizado, la divulgaci\u00f3n, la copia, el uso o la modificaci\u00f3n.<\/p><p>No compartimos informaci\u00f3n de identificaci\u00f3n personal p\u00fablicamente ni con terceros, excepto por orden judicial.<\/p><p>Nuestro sitio web puede tener enlaces a sitios externos que no son operados por nosotros. Por lo tanto, no somos responsables de los da\u00f1os de terceros. Ten en cuenta que no tenemos control sobre el contenido y las pr\u00e1cticas de los sitios de terceros y no podemos aceptar responsabilidad por sus respectivas pol\u00edticas de privacidad.<\/p><p>Como consumidor, eres libre de rechazar nuestra solicitud de informaci\u00f3n personal, entendiendo que es posible que no podamos proporcionar algunos de los servicios deseados.<\/p><p>El uso continuado de nuestro sitio se considerar\u00e1 como la aceptaci\u00f3n de nuestras pr\u00e1cticas de privacidad e informaci\u00f3n personal. Si tienes alguna pregunta sobre c\u00f3mo manejamos los datos de usuario y la informaci\u00f3n personal, cont\u00e1ctanos a trav\u00e9s <a href=\"https:\/\/www.proyate.com\/\" target=\"_blank\" rel=\"noopener\">de nuestro formulario.<\/a>.<\/p><p>Nuestra pol\u00edtica se actualiza regularmente.<\/p><p>Fica, desde j\u00e1, o titular de dados ciente que o conte\u00fado desta Pol\u00edtica de Privacidade pode ser alterado a crit\u00e9rio do site www.proyat.art, independente de aviso ou notifica\u00e7\u00e3o. Em caso de altera\u00e7\u00e3o, as modifica\u00e7\u00f5es produzem todos os efeitos a partir do momento da disponibiliza\u00e7\u00e3o no site.<\/p><p>O site www.proyate.art n\u00e3o se responsabiliza caso voc\u00ea venha utilizar seus dados de forma incorreta ou inver\u00eddica, ficando exclu\u00eddo de qualquer responsabilidade neste sentido.<\/p><h2>Pol\u00edtica de Cookies<\/h2><h3>\u00bfQu\u00e9 son las cookies?<\/h3><p>Como es pr\u00e1ctica com\u00fan en casi todos los sitios web profesionales, este sitio utiliza cookies, que son peque\u00f1os archivos descargados en tu computadora para mejorar tu experiencia. Esta p\u00e1gina describe qu\u00e9 informaci\u00f3n recopilan, c\u00f3mo las usamos y por qu\u00e9 a veces necesitamos almacenar estas cookies. Tambi\u00e9n compartiremos c\u00f3mo puedes evitar que se almacenen estas cookies, aunque esto puede reducir o afectar ciertos elementos de la funcionalidad del sitio.<\/p><h3>\u00bfC\u00f3mo usamos las cookies?<\/h3><p>Usamos cookies por varias razones, que se detallan a continuaci\u00f3n. Desafortunadamente, en la mayor\u00eda de los casos, no existen opciones est\u00e1ndar de la industria para desactivar las cookies sin deshabilitar por completo la funcionalidad y las caracter\u00edsticas que agregan a este sitio. Se recomienda que dejes todas las cookies habilitadas si no est\u00e1s seguro de si las necesitas o no, ya que se utilizan para proporcionar un servicio que utilizas.<\/p><h3>Desactivar cookies<\/h3><p>Puedes evitar que se configuren cookies ajustando la configuraci\u00f3n de tu navegador (consulta la Ayuda del navegador para saber c\u00f3mo hacerlo). Ten en cuenta que desactivar las cookies afectar\u00e1 la funcionalidad de este y muchos otros sitios web que visitas. La desactivaci\u00f3n de cookies generalmente resultar\u00e1 en la desactivaci\u00f3n de ciertas funciones y caracter\u00edsticas de este sitio. Por lo tanto, se recomienda que no desactives las cookies.<\/p><h3>Cookies que establecemos<\/h3><ul><li><strong>Cookies relacionadas con encuestas<\/strong><p>De vez en cuando, ofrecemos encuestas y cuestionarios para proporcionar informaci\u00f3n interesante, herramientas \u00fatiles o para comprender mejor nuestra base de usuarios. Estas encuestas pueden utilizar cookies para recordar qui\u00e9n ha participado en una encuesta o para proporcionar resultados precisos despu\u00e9s de cambiar de p\u00e1gina.<\/p><\/li><li><strong>Cookies relacionadas con formularios<\/strong><p>Cuando env\u00edas datos a trav\u00e9s de un formulario, como los que se encuentran en las p\u00e1ginas de contacto o en los formularios de comentarios, se pueden configurar cookies para recordar los detalles del usuario para futuras correspondencias.<\/p><\/li><li><strong>Cookies de preferencias del sitio<\/strong><p>Para proporcionar una excelente experiencia en este sitio, brindamos la funcionalidad para configurar tus preferencias sobre c\u00f3mo se ejecuta este sitio cuando lo usas. Para recordar tus preferencias, necesitamos establecer cookies para que esta informaci\u00f3n se pueda llamar siempre que interact\u00faes con una p\u00e1gina afectada por tus preferencias.<\/p><\/li><\/ul><h3>Compromiso del usuario<\/h3><p>O usu\u00e1rio se compromete a fazer uso adequado dos conte\u00fados e da informa\u00e7\u00e3o que o site www.proyate.art oferece e com car\u00e1ter enunciativo, mas n\u00e3o limitativo:<\/p><ul><li>A) No participar en actividades ilegales o contrarias a la buena fe y al orden p\u00fablico;<\/li><li>B) Cumplir con todas las leyes nacionales o internacionales en las que Brasil sea signatario;<\/li><li>C) No difundir publicidad o contenido de naturaleza racista, xen\u00f3foba, casas de apuestas, juegos de azar, cualquier tipo de pornograf\u00eda ilegal, propaganda terrorista o contra los derechos humanos;<\/li><li>D) N\u00e3o causar danos aos sistemas f\u00edsicos (hardwares) e l\u00f3gicos (softwares) do site www.proyate.art, de seus fornecedores ou terceiros, para introduzir ou disseminar v\u00edrus inform\u00e1ticos ou quaisquer outros sistemas de hardware ou software que sejam capazes de causar danos anteriormente mencionados;<\/li><li>E) El contenido publicado est\u00e1 sujeto a derechos de autor y derechos de propiedad intelectual reservados, seg\u00fan lo establecido por la Ley de Derechos de Autor n. 9.610, de 19.2.1998 del Gobierno Federal de Brasil y leyes relacionadas. Cualquier infracci\u00f3n se comunicar\u00e1 a las autoridades competentes.<\/li><\/ul><h2>Derechos del titular de datos<\/h2><p>O titular de dados pessoais possui o direito de solicitar do site www.proyat.art, atrav\u00e9s do canal espec\u00edfico de tratamento, a qualquer momento, mediante requisi\u00e7\u00e3o formal, informa\u00e7\u00f5es referentes aos seus dados.<\/p><p>Las solicitudes se analizar\u00e1n de acuerdo con la legislaci\u00f3n vigente dentro de un plazo de 72 horas, a menos que lo requiera la ley y\/o est\u00e9 sujeto a acci\u00f3n legal.<\/p><p>Los titulares de datos, seg\u00fan el texto de la LGPD, pueden ejercer sus derechos a trav\u00e9s de:<\/p><ul><li>Confirmaci\u00f3n de la existencia de tratamiento;<\/li><li>Anonimizaci\u00f3n, bloqueo o eliminaci\u00f3n de datos innecesarios, excesivos o tratados en incumplimiento de esta Ley;<\/li><li>Informaci\u00f3n de las entidades p\u00fablicas y privadas con las que el controlador ha compartido datos;<\/li><li>Informaci\u00f3n sobre la posibilidad de no proporcionar consentimiento y las consecuencias de la negativa;<\/li><\/ul><h2>\u00bfC\u00f3mo ejercer tus derechos como titular de datos?<\/h2><ul><li>Para otras solicitudes relacionadas con los derechos del titular de datos personales, cont\u00e1ctanos a trav\u00e9s <a href=\"https:\/\/www.proyate.com\/\" target=\"_blank\" rel=\"noopener\">de nuestro formulario.<\/a>;<\/li><\/ul><h2>M\u00e1s informaci\u00f3n<\/h2><p>Esperamos que esto est\u00e9 claro y, como se mencion\u00f3 anteriormente, si tienes alguna duda sobre si necesitas o no algo, generalmente es m\u00e1s seguro dejar las cookies habilitadas si interact\u00faas con una de las funciones que utilizas en nuestro sitio.<\/p><p>O site www.proyate.art empregar\u00e1 esfor\u00e7os para resguardar as informa\u00e7\u00f5es e dados coletados do usu\u00e1rio pelo site. Todavia, considerando que n\u00e3o h\u00e1 meio de transmiss\u00e3o e reten\u00e7\u00e3o de dados eletr\u00f4nicos plenamente eficaz e seguro, o site www.proyate.art n\u00e3o pode assegurar que terceiros n\u00e3o autorizados n\u00e3o logrem \u00eaxito no acesso indevido, eximindo-se de qualquer responsabilidade por danos e preju\u00edzos decorrentes da conduta de terceiros, ataques externos ao site como: v\u00edrus, invas\u00e3o ao banco de dados, v\u00edcios ou defeitos t\u00e9cnicos, assim como operacionais resultante da utiliza\u00e7\u00e3o do site e em raz\u00e3o de falhas de conex\u00e3o.<\/p>\t\t\t\t\t\t<\/div>\n\t\t\t\t<\/div>\n\t\t\t\t\t<\/div>\n\t\t\t\t<\/div>\n\t\t\t\t\t\t\t<\/div>","protected":false},"excerpt":{"rendered":"<p>Pol\u00edtica de privacidade A sua privacidade \u00e9 importante para n\u00f3s. \u00c9 pol\u00edtica do site www.proyate.art respeitar a sua privacidade em rela\u00e7\u00e3o a qualquer informa\u00e7\u00e3o sua que possamos coletar no site www.proyate.art, e outros sites que possu\u00edmos e operamos. Trabalhamos com base na Lei de Prote\u00e7\u00e3o de Dados (13.709\/2018) que traz garantias de privacidade, confidencialidade, reten\u00e7\u00e3o, [&hellip;]<\/p>","protected":false},"author":4002,"featured_media":0,"parent":0,"menu_order":0,"comment_status":"closed","ping_status":"closed","template":"elementor_header_footer","meta":{"footnotes":""},"yoast_head":"<!-- This site is optimized with the Yoast SEO plugin v21.8 - https:\/\/yoast.com\/wordpress\/plugins\/seo\/ -->\n<title>Pol\u00edtica de Privacidade - PROYAT\u00ca<\/title>\n<meta name=\"robots\" content=\"index, follow, max-snippet:-1, max-image-preview:large, max-video-preview:-1\" \/>\n<link rel=\"canonical\" href=\"https:\/\/proyate.art\/es\/politica-de-privacidad\/\" \/>\n<meta property=\"og:locale\" content=\"es_ES\" \/>\n<meta property=\"og:type\" content=\"article\" \/>\n<meta property=\"og:title\" content=\"Pol\u00edtica de Privacidade - PROYAT\u00ca\" \/>\n<meta property=\"og:description\" content=\"Pol\u00edtica de privacidade A sua privacidade \u00e9 importante para n\u00f3s. \u00c9 pol\u00edtica do site www.proyate.art respeitar a sua privacidade em rela\u00e7\u00e3o a qualquer informa\u00e7\u00e3o sua que possamos coletar no site www.proyate.art, e outros sites que possu\u00edmos e operamos. Trabalhamos com base na Lei de Prote\u00e7\u00e3o de Dados (13.709\/2018) que traz garantias de privacidade, confidencialidade, reten\u00e7\u00e3o, [&hellip;]\" \/>\n<meta property=\"og:url\" content=\"https:\/\/proyate.art\/es\/politica-de-privacidad\/\" \/>\n<meta property=\"og:site_name\" content=\"PROYAT\u00ca\" \/>\n<meta property=\"article:modified_time\" content=\"2024-01-09T19:43:09+00:00\" \/>\n<meta name=\"twitter:card\" content=\"summary_large_image\" \/>\n<meta name=\"twitter:label1\" content=\"Tiempo de lectura\" \/>\n\t<meta name=\"twitter:data1\" content=\"7 minutos\" \/>\n<script type=\"application\/ld+json\" class=\"yoast-schema-graph\">{\"@context\":\"https:\/\/schema.org\",\"@graph\":[{\"@type\":\"WebPage\",\"@id\":\"https:\/\/proyate.art\/politica-de-privacidade\/\",\"url\":\"https:\/\/proyate.art\/politica-de-privacidade\/\",\"name\":\"Pol\u00edtica de Privacidade - PROYAT\u00ca\",\"isPartOf\":{\"@id\":\"https:\/\/proyate.art\/#website\"},\"datePublished\":\"2023-11-01T13:38:46+00:00\",\"dateModified\":\"2024-01-09T19:43:09+00:00\",\"inLanguage\":\"es\",\"potentialAction\":[{\"@type\":\"ReadAction\",\"target\":[\"https:\/\/proyate.art\/politica-de-privacidade\/\"]}]},{\"@type\":\"WebSite\",\"@id\":\"https:\/\/proyate.art\/#website\",\"url\":\"https:\/\/proyate.art\/\",\"name\":\"PROYAT\u00ca\",\"description\":\"\",\"publisher\":{\"@id\":\"https:\/\/proyate.art\/#organization\"},\"potentialAction\":[{\"@type\":\"SearchAction\",\"target\":{\"@type\":\"EntryPoint\",\"urlTemplate\":\"https:\/\/proyate.art\/?s={search_term_string}\"},\"query-input\":\"required name=search_term_string\"}],\"inLanguage\":\"es\"},{\"@type\":\"Organization\",\"@id\":\"https:\/\/proyate.art\/#organization\",\"name\":\"PROYAT\u00ca\",\"url\":\"https:\/\/proyate.art\/\",\"logo\":{\"@type\":\"ImageObject\",\"inLanguage\":\"es\",\"@id\":\"https:\/\/proyate.art\/#\/schema\/logo\/image\/\",\"url\":\"https:\/\/proyate.art\/wp-content\/uploads\/2023\/10\/home-logo-footer.png\",\"contentUrl\":\"https:\/\/proyate.art\/wp-content\/uploads\/2023\/10\/home-logo-footer.png\",\"width\":334,\"height\":140,\"caption\":\"PROYAT\u00ca\"},\"image\":{\"@id\":\"https:\/\/proyate.art\/#\/schema\/logo\/image\/\"}}]}<\/script>\n<!-- \/ Yoast SEO plugin. -->","yoast_head_json":{"title":"Pol\u00edtica de Privacidade - PROYAT\u00ca","robots":{"index":"index","follow":"follow","max-snippet":"max-snippet:-1","max-image-preview":"max-image-preview:large","max-video-preview":"max-video-preview:-1"},"canonical":"https:\/\/proyate.art\/es\/politica-de-privacidad\/","og_locale":"es_ES","og_type":"article","og_title":"Pol\u00edtica de Privacidade - PROYAT\u00ca","og_description":"Pol\u00edtica de privacidade A sua privacidade \u00e9 importante para n\u00f3s. \u00c9 pol\u00edtica do site www.proyate.art respeitar a sua privacidade em rela\u00e7\u00e3o a qualquer informa\u00e7\u00e3o sua que possamos coletar no site www.proyate.art, e outros sites que possu\u00edmos e operamos. Trabalhamos com base na Lei de Prote\u00e7\u00e3o de Dados (13.709\/2018) que traz garantias de privacidade, confidencialidade, reten\u00e7\u00e3o, [&hellip;]","og_url":"https:\/\/proyate.art\/es\/politica-de-privacidad\/","og_site_name":"PROYAT\u00ca","article_modified_time":"2024-01-09T19:43:09+00:00","twitter_card":"summary_large_image","twitter_misc":{"Tiempo de lectura":"7 minutos"},"schema":{"@context":"https:\/\/schema.org","@graph":[{"@type":"WebPage","@id":"https:\/\/proyate.art\/politica-de-privacidade\/","url":"https:\/\/proyate.art\/politica-de-privacidade\/","name":"Pol\u00edtica de Privacidade - PROYAT\u00ca","isPartOf":{"@id":"https:\/\/proyate.art\/#website"},"datePublished":"2023-11-01T13:38:46+00:00","dateModified":"2024-01-09T19:43:09+00:00","inLanguage":"es","potentialAction":[{"@type":"ReadAction","target":["https:\/\/proyate.art\/politica-de-privacidade\/"]}]},{"@type":"WebSite","@id":"https:\/\/proyate.art\/#website","url":"https:\/\/proyate.art\/","name":"PROYAT\u00ca","description":"","publisher":{"@id":"https:\/\/proyate.art\/#organization"},"potentialAction":[{"@type":"SearchAction","target":{"@type":"EntryPoint","urlTemplate":"https:\/\/proyate.art\/?s={search_term_string}"},"query-input":"required name=search_term_string"}],"inLanguage":"es"},{"@type":"Organization","@id":"https:\/\/proyate.art\/#organization","name":"PROYAT\u00ca","url":"https:\/\/proyate.art\/","logo":{"@type":"ImageObject","inLanguage":"es","@id":"https:\/\/proyate.art\/#\/schema\/logo\/image\/","url":"https:\/\/proyate.art\/wp-content\/uploads\/2023\/10\/home-logo-footer.png","contentUrl":"https:\/\/proyate.art\/wp-content\/uploads\/2023\/10\/home-logo-footer.png","width":334,"height":140,"caption":"PROYAT\u00ca"},"image":{"@id":"https:\/\/proyate.art\/#\/schema\/logo\/image\/"}}]}},"_links":{"self":[{"href":"https:\/\/proyate.art\/es\/wp-json\/wp\/v2\/pages\/561"}],"collection":[{"href":"https:\/\/proyate.art\/es\/wp-json\/wp\/v2\/pages"}],"about":[{"href":"https:\/\/proyate.art\/es\/wp-json\/wp\/v2\/types\/page"}],"author":[{"embeddable":true,"href":"https:\/\/proyate.art\/es\/wp-json\/wp\/v2\/users\/4002"}],"replies":[{"embeddable":true,"href":"https:\/\/proyate.art\/es\/wp-json\/wp\/v2\/comments?post=561"}],"version-history":[{"count":0,"href":"https:\/\/proyate.art\/es\/wp-json\/wp\/v2\/pages\/561\/revisions"}],"wp:attachment":[{"href":"https:\/\/proyate.art\/es\/wp-json\/wp\/v2\/media?parent=561"}],"curies":[{"name":"wp","href":"https:\/\/api.w.org\/{rel}","templated":true}]}}